{"id":609,"date":"2016-04-29T21:04:16","date_gmt":"2016-04-29T21:04:16","guid":{"rendered":"http:\/\/royalcommerce.dev\/?page_id=609"},"modified":"2025-11-19T18:30:28","modified_gmt":"2025-11-19T17:30:28","slug":"divi-dashboard-welcome-screen","status":"publish","type":"page","link":"https:\/\/www.arlberg-wellcom.at\/en\/divi-dashboard-welcome-screen\/","title":{"rendered":"Divi Dashboard Welcome Screen"},"content":{"rendered":"<p>[et_pb_section fb_built=&#8221;1&#8243; specialty=&#8221;on&#8221; parallax_method_1=&#8221;off&#8221; parallax_method_2=&#8221;off&#8221; admin_label=&#8221;Section&#8221; module_class=&#8221; et_pb_specialty_fullwidth&#8221; _builder_version=&#8221;4.16&#8243; background_color=&#8221;#686363&#8243; background_color_gradient_direction=&#8221;68deg&#8221; inner_width=&#8221;94%&#8221; inner_width_tablet=&#8221;80%&#8221; inner_width_last_edited=&#8221;on|desktop&#8221; inner_max_width=&#8221;94%&#8221; inner_max_width_tablet=&#8221;80%&#8221; inner_max_width_last_edited=&#8221;on|desktop&#8221; custom_padding=&#8221;45px||64px|0px&#8221; custom_padding_tablet=&#8221;25px||0px|0px&#8221; make_fullwidth=&#8221;on&#8221; global_colors_info=&#8221;{}&#8221; inner_width_phone=&#8221;80%&#8221; inner_max_width_phone=&#8221;80%&#8221;][et_pb_column type=&#8221;1_2&#8243; specialty_columns=&#8221;2&#8243; _builder_version=&#8221;4.16&#8243; custom_padding=&#8221;|||&#8221; global_colors_info=&#8221;{}&#8221; custom_padding__hover=&#8221;|||&#8221;][et_pb_row_inner padding_mobile=&#8221;on&#8221; column_padding_mobile=&#8221;on&#8221; admin_label=&#8221;Row&#8221; _builder_version=&#8221;4.16&#8243; custom_margin=&#8221;0px|||&#8221; custom_padding=&#8221;0px||0px|0px&#8221; global_colors_info=&#8221;{}&#8221;][et_pb_column_inner saved_specialty_column_type=&#8221;1_2&#8243; _builder_version=&#8221;4.16&#8243; custom_padding=&#8221;|||&#8221; global_colors_info=&#8221;{}&#8221; custom_padding__hover=&#8221;|||&#8221;][et_pb_text _builder_version=&#8221;4.16&#8243; text_font=&#8221;Open Sans||||&#8221; text_font_size=&#8221;18&#8243; header_font=&#8221;||||||||&#8221; header_2_font=&#8221;||||||||&#8221; header_3_font=&#8221;||||||||&#8221; header_3_text_color=&#8221;#e5a92a&#8221; header_3_font_size=&#8221;38px&#8221; header_3_letter_spacing=&#8221;1px&#8221; background_size=&#8221;initial&#8221; background_position=&#8221;top_left&#8221; background_repeat=&#8221;repeat&#8221; background_layout=&#8221;dark&#8221; custom_margin=&#8221;5px|||&#8221; custom_padding=&#8221;0px|||&#8221; custom_css_main_element=&#8221;font-weight: 500 !important;||-webkit-font-smoothing: subpixel-antialiased;&#8221; use_border_color=&#8221;off&#8221; global_colors_info=&#8221;{}&#8221;]<\/p>\n<h3>Hallo Zusammen,<\/h3>\n<p>[\/et_pb_text][et_pb_text _builder_version=&#8221;4.27.4&#8243; text_font=&#8221;Open Sans||||&#8221; text_font_size=&#8221;18px&#8221; header_font=&#8221;||||||||&#8221; header_3_font=&#8221;||||||||&#8221; header_3_text_color=&#8221;#9d7fe8&#8243; background_size=&#8221;initial&#8221; background_position=&#8221;top_left&#8221; background_repeat=&#8221;repeat&#8221; background_layout=&#8221;dark&#8221; custom_margin=&#8221;-25px|||&#8221; custom_padding=&#8221;0px|||&#8221; hover_enabled=&#8221;0&#8243; custom_css_main_element=&#8221;font-weight: 500 !important;||-webkit-font-smoothing: subpixel-antialiased;&#8221; use_border_color=&#8221;off&#8221; global_colors_info=&#8221;{}&#8221; sticky_enabled=&#8221;0&#8243;]<\/p>\n<p>Ich hoff ihr habt eine Freude beim Arbeiten mit der AWC-Website und falls Du ein Anliegen hast oder gerne <span style=\"text-decoration: underline;\">weitere Services<\/span> wie Newsletter Versand, richtig feine Landingpages oder ein knackiges Pop-Up haben magst, dann f\u00fcll einfach das Formular rechts aus. Ich melde mich dann in K\u00fcrze bei Dir.<\/p>\n<p><span style=\"color: #009de0;\">Herzlichen Gruss, Samuel<\/span><\/p>\n<p>[\/et_pb_text][\/et_pb_column_inner][\/et_pb_row_inner][et_pb_row_inner column_padding_mobile=&#8221;on&#8221; admin_label=&#8221;Row&#8221; _builder_version=&#8221;4.16&#8243; custom_padding=&#8221;42px||0px|0px&#8221; global_colors_info=&#8221;{}&#8221;][et_pb_column_inner saved_specialty_column_type=&#8221;1_2&#8243; _builder_version=&#8221;4.16&#8243; custom_padding=&#8221;|||&#8221; global_colors_info=&#8221;{}&#8221; custom_padding__hover=&#8221;|||&#8221;][et_pb_button button_url=&#8221;https:\/\/www.arlberg-wellcom.at\/en&#8221; url_new_window=&#8221;on&#8221; button_text=&#8221;Schau zu Deiner Website&#8221; _builder_version=&#8221;4.16&#8243; custom_button=&#8221;on&#8221; button_text_size=&#8221;18&#8243; button_border_radius=&#8221;41px&#8221; button_font=&#8221;||||||||&#8221; button_icon=&#8221;&#x45;||divi||400&#8243; background_layout=&#8221;dark&#8221; global_colors_info=&#8221;{}&#8221; button_text_size__hover_enabled=&#8221;off&#8221; button_one_text_size__hover_enabled=&#8221;off&#8221; button_two_text_size__hover_enabled=&#8221;off&#8221; button_text_color__hover_enabled=&#8221;off&#8221; button_one_text_color__hover_enabled=&#8221;off&#8221; button_two_text_color__hover_enabled=&#8221;off&#8221; button_border_width__hover_enabled=&#8221;off&#8221; button_one_border_width__hover_enabled=&#8221;off&#8221; button_two_border_width__hover_enabled=&#8221;off&#8221; button_border_color__hover_enabled=&#8221;off&#8221; button_one_border_color__hover_enabled=&#8221;off&#8221; button_two_border_color__hover_enabled=&#8221;off&#8221; button_border_radius__hover_enabled=&#8221;off&#8221; button_one_border_radius__hover_enabled=&#8221;off&#8221; button_two_border_radius__hover_enabled=&#8221;off&#8221; button_letter_spacing__hover_enabled=&#8221;off&#8221; button_one_letter_spacing__hover_enabled=&#8221;off&#8221; button_two_letter_spacing__hover_enabled=&#8221;off&#8221; button_bg_color__hover_enabled=&#8221;off&#8221; button_one_bg_color__hover_enabled=&#8221;off&#8221; button_two_bg_color__hover_enabled=&#8221;off&#8221;][\/et_pb_button][et_pb_blurb use_icon=&#8221;on&#8221; font_icon=&#8221;&#xe030;||divi||400&#8243; icon_color=&#8221;#ffffff&#8221; icon_placement=&#8221;left&#8221; image_icon_width=&#8221;18&#8243; content_max_width=&#8221;1100px&#8221; admin_label=&#8221;Blurb&#8221; _builder_version=&#8221;4.16&#8243; header_level=&#8221;h5&#8243; header_text_color=&#8221;#fff6e2&#8243; header_font_size=&#8221;30px&#8221; body_text_color=&#8221;#efce8b&#8221; body_font_size=&#8221;19px&#8221; background_size=&#8221;initial&#8221; background_position=&#8221;top_left&#8221; background_repeat=&#8221;repeat&#8221; custom_margin=&#8221;25px||5px|&#8221; custom_padding=&#8221;|||74px&#8221; custom_padding_tablet=&#8221;&#8221; custom_padding_phone=&#8221;|||24px&#8221; custom_padding_last_edited=&#8221;on|phone&#8221; animation=&#8221;off&#8221; use_border_color=&#8221;off&#8221; icon_font_size=&#8221;18&#8243; global_colors_info=&#8221;{}&#8221;]Und f\u00fcr gem\u00fctliche und entspannende Vibes&#8230;<br \/>\n<a href=\"https:\/\/www.youtube.com\/watch?v=t8mWj-qfCW8\" target=\"_blank\" rel=\"noopener noreferrer\">\u00a0<span style=\"color: #ffffff;\"><strong>\u203a That\u00b4s it!<\/strong> \u00a0\u00a0<\/span><\/a><small>(\u00f6ffnet in neuem Tab bzw. Browserfenster)\u00a0<\/small><br \/>\n[\/et_pb_blurb][\/et_pb_column_inner][\/et_pb_row_inner][\/et_pb_column][et_pb_column type=&#8221;1_2&#8243; _builder_version=&#8221;4.16&#8243; custom_padding=&#8221;|||&#8221; global_colors_info=&#8221;{}&#8221; custom_padding__hover=&#8221;|||&#8221;][et_pb_contact_form email=&#8221;office@fair-web.at&#8221; title=&#8221;Support f\u00fcr Euch&#8230;&#8221; custom_message=&#8221;Servus Samuel||et_pb_line_break_holder||bei der Anfrage von der AWC Homepage sind folgende Anfragedetails f\u00fcr Dich mitdabei:||et_pb_line_break_holder||||et_pb_line_break_holder||Name: %%Name%%||et_pb_line_break_holder||Email Adresse: %%Email%%||et_pb_line_break_holder||||et_pb_line_break_holder||Die Nachricht an Dich:||et_pb_line_break_holder||||et_pb_line_break_holder||%%Nachricht%%||et_pb_line_break_holder||||et_pb_line_break_holder||||et_pb_line_break_holder||Ein sch\u00f6ner Tag &#8211; geniess ihn.||et_pb_line_break_holder||Dein Leben||et_pb_line_break_holder||&#8221; success_message=&#8221;Danke und merci f\u00fcr Deine Anfrage. Du h\u00f6rst von mir in K\u00fcrze. Alles Gute &#8211; Samuel&#8221; admin_label=&#8221;Contact Form&#8221; module_id=&#8221;et_pb_contact_form_0&#8243; _builder_version=&#8221;4.27.4&#8243; _unique_id=&#8221;22cb7df7-286a-4148-b8da-0a5fb1820367&#8243; form_field_background_color=&#8221;#f7f2e8&#8243; form_field_text_color=&#8221;#7a7a7a&#8221; title_level=&#8221;h2&#8243; title_font=&#8221;Open Sans|on|||&#8221; title_text_color=&#8221;#f7f2e8&#8243; title_font_size=&#8221;23px&#8221; form_field_font=&#8221;||||||||&#8221; form_field_font_size=&#8221;16px&#8221; background_color_gradient_direction=&#8221;50deg&#8221; custom_button=&#8221;on&#8221; button_text_size=&#8221;16px&#8221; button_text_color=&#8221;#ffffff&#8221; button_bg_color=&#8221;#009de0&#8243; button_bg_color_gradient_direction=&#8221;306deg&#8221; button_bg_color_gradient_stops=&#8221;#c52a90 32%|#c6912b 100%&#8221; button_bg_color_gradient_start=&#8221;#c52a90&#8243; button_bg_color_gradient_start_position=&#8221;32%&#8221; button_bg_color_gradient_end=&#8221;#c6912b&#8221; button_border_width=&#8221;16px&#8221; button_border_color=&#8221;#009de0&#8243; button_border_radius=&#8221;0px&#8221; button_letter_spacing=&#8221;2px&#8221; button_font=&#8221;Open Sans||||&#8221; button_icon=&#8221;&#x35;||divi||400&#8243; animation_style=&#8221;slide&#8221; animation_intensity_slide=&#8221;2%&#8221; hover_enabled=&#8221;0&#8243; custom_css_contact_button=&#8221;font-weight: 600;||padding: 0 10px 1px;||!important;&#8221; border_radii=&#8221;on|0px|0px|0px|0px&#8221; use_border_color=&#8221;off&#8221; form_background_color=&#8221;#f7f2e8&#8243; locked=&#8221;off&#8221; global_colors_info=&#8221;{}&#8221; sticky_enabled=&#8221;0&#8243;][et_pb_contact_field field_id=&#8221;Name&#8221; field_title=&#8221;Name&#8221; _builder_version=&#8221;4.16&#8243; global_colors_info=&#8221;{}&#8221; button_text_size__hover_enabled=&#8221;off&#8221; button_one_text_size__hover_enabled=&#8221;off&#8221; button_two_text_size__hover_enabled=&#8221;off&#8221; button_text_color__hover_enabled=&#8221;off&#8221; button_one_text_color__hover_enabled=&#8221;off&#8221; button_two_text_color__hover_enabled=&#8221;off&#8221; button_border_width__hover_enabled=&#8221;off&#8221; button_one_border_width__hover_enabled=&#8221;off&#8221; button_two_border_width__hover_enabled=&#8221;off&#8221; button_border_color__hover_enabled=&#8221;off&#8221; button_one_border_color__hover_enabled=&#8221;off&#8221; button_two_border_color__hover_enabled=&#8221;off&#8221; button_border_radius__hover_enabled=&#8221;off&#8221; button_one_border_radius__hover_enabled=&#8221;off&#8221; button_two_border_radius__hover_enabled=&#8221;off&#8221; button_letter_spacing__hover_enabled=&#8221;off&#8221; button_one_letter_spacing__hover_enabled=&#8221;off&#8221; button_two_letter_spacing__hover_enabled=&#8221;off&#8221; button_bg_color__hover_enabled=&#8221;off&#8221; button_one_bg_color__hover_enabled=&#8221;off&#8221; button_two_bg_color__hover_enabled=&#8221;off&#8221;][\/et_pb_contact_field][et_pb_contact_field field_id=&#8221;Email&#8221; field_title=&#8221;E-Mail&#8221; field_type=&#8221;email&#8221; _builder_version=&#8221;4.16&#8243; global_colors_info=&#8221;{}&#8221; button_text_size__hover_enabled=&#8221;off&#8221; button_one_text_size__hover_enabled=&#8221;off&#8221; button_two_text_size__hover_enabled=&#8221;off&#8221; button_text_color__hover_enabled=&#8221;off&#8221; button_one_text_color__hover_enabled=&#8221;off&#8221; button_two_text_color__hover_enabled=&#8221;off&#8221; button_border_width__hover_enabled=&#8221;off&#8221; button_one_border_width__hover_enabled=&#8221;off&#8221; button_two_border_width__hover_enabled=&#8221;off&#8221; button_border_color__hover_enabled=&#8221;off&#8221; button_one_border_color__hover_enabled=&#8221;off&#8221; button_two_border_color__hover_enabled=&#8221;off&#8221; button_border_radius__hover_enabled=&#8221;off&#8221; button_one_border_radius__hover_enabled=&#8221;off&#8221; button_two_border_radius__hover_enabled=&#8221;off&#8221; button_letter_spacing__hover_enabled=&#8221;off&#8221; button_one_letter_spacing__hover_enabled=&#8221;off&#8221; button_two_letter_spacing__hover_enabled=&#8221;off&#8221; button_bg_color__hover_enabled=&#8221;off&#8221; button_one_bg_color__hover_enabled=&#8221;off&#8221; button_two_bg_color__hover_enabled=&#8221;off&#8221;][\/et_pb_contact_field][et_pb_contact_field field_id=&#8221;Nachricht&#8221; field_title=&#8221;Nachricht an Samuel&#8221; field_type=&#8221;text&#8221; _builder_version=&#8221;4.27.4&#8243; hover_enabled=&#8221;0&#8243; global_colors_info=&#8221;{}&#8221; button_text_size__hover_enabled=&#8221;off&#8221; button_one_text_size__hover_enabled=&#8221;off&#8221; button_two_text_size__hover_enabled=&#8221;off&#8221; button_text_color__hover_enabled=&#8221;off&#8221; button_one_text_color__hover_enabled=&#8221;off&#8221; button_two_text_color__hover_enabled=&#8221;off&#8221; button_border_width__hover_enabled=&#8221;off&#8221; button_one_border_width__hover_enabled=&#8221;off&#8221; button_two_border_width__hover_enabled=&#8221;off&#8221; button_border_color__hover_enabled=&#8221;off&#8221; button_one_border_color__hover_enabled=&#8221;off&#8221; button_two_border_color__hover_enabled=&#8221;off&#8221; button_border_radius__hover_enabled=&#8221;off&#8221; button_one_border_radius__hover_enabled=&#8221;off&#8221; button_two_border_radius__hover_enabled=&#8221;off&#8221; button_letter_spacing__hover_enabled=&#8221;off&#8221; button_one_letter_spacing__hover_enabled=&#8221;off&#8221; button_two_letter_spacing__hover_enabled=&#8221;off&#8221; button_bg_color__hover_enabled=&#8221;off&#8221; button_one_bg_color__hover_enabled=&#8221;off&#8221; button_two_bg_color__hover_enabled=&#8221;off&#8221; sticky_enabled=&#8221;0&#8243;][\/et_pb_contact_field][\/et_pb_contact_form][\/et_pb_column][\/et_pb_section]<\/p>\n","protected":false},"excerpt":{"rendered":"<p>Hallo Zusammen,Ich hoff ihr habt eine Freude beim Arbeiten mit der AWC-Website und falls Du ein Anliegen hast oder gerne weitere Services wie Newsletter Versand, richtig feine Landingpages oder ein knackiges Pop-Up haben magst, dann f\u00fcll einfach das Formular rechts aus. Ich melde mich dann in K\u00fcrze bei Dir. Herzlichen Gruss, SamuelUnd f\u00fcr gem\u00fctliche und [&hellip;]<\/p>\n","protected":false},"author":3,"featured_media":0,"parent":0,"menu_order":0,"comment_status":"closed","ping_status":"closed","template":"page-template-blank.php","meta":{"_seopress_robots_primary_cat":"","_seopress_titles_title":"","_seopress_titles_desc":"","_seopress_robots_index":"","_et_pb_use_builder":"on","_et_pb_old_content":"","_et_gb_content_width":"","footnotes":""},"class_list":["post-609","page","type-page","status-publish","hentry"],"_links":{"self":[{"href":"https:\/\/www.arlberg-wellcom.at\/en\/wp-json\/wp\/v2\/pages\/609","targetHints":{"allow":["GET"]}}],"collection":[{"href":"https:\/\/www.arlberg-wellcom.at\/en\/wp-json\/wp\/v2\/pages"}],"about":[{"href":"https:\/\/www.arlberg-wellcom.at\/en\/wp-json\/wp\/v2\/types\/page"}],"author":[{"embeddable":true,"href":"https:\/\/www.arlberg-wellcom.at\/en\/wp-json\/wp\/v2\/users\/3"}],"replies":[{"embeddable":true,"href":"https:\/\/www.arlberg-wellcom.at\/en\/wp-json\/wp\/v2\/comments?post=609"}],"version-history":[{"count":53,"href":"https:\/\/www.arlberg-wellcom.at\/en\/wp-json\/wp\/v2\/pages\/609\/revisions"}],"predecessor-version":[{"id":60904,"href":"https:\/\/www.arlberg-wellcom.at\/en\/wp-json\/wp\/v2\/pages\/609\/revisions\/60904"}],"wp:attachment":[{"href":"https:\/\/www.arlberg-wellcom.at\/en\/wp-json\/wp\/v2\/media?parent=609"}],"curies":[{"name":"wp","href":"https:\/\/api.w.org\/{rel}","templated":true}]}}